{"id":6586,"date":"2022-07-19T10:38:19","date_gmt":"2022-07-19T08:38:19","guid":{"rendered":"http:\/\/blog.dorier.fr\/?page_id=6586"},"modified":"2022-09-26T23:35:49","modified_gmt":"2022-09-26T21:35:49","slug":"mariage-03-09-2022-amandine-guyot-benjamin-dorier","status":"publish","type":"page","link":"https:\/\/blog.dorier.fr\/?page_id=6586","title":{"rendered":"Mariage 03-09-2022 Amandine GUYOT &#038; Benjamin DORIER"},"content":{"rendered":"\n<p>Voici le lien pour acc\u00e9der \u00e0 toutes nos photos du mariage<\/p>\n\n\n\n<p><a href=\"https:\/\/dorier.fr\/mariage_dorier-guyot\/\">https:\/\/dorier.fr\/mariage_dorier-guyot\/<\/a><\/p>\n\n\n\n<p>Bienvenue sur le site d\u00e9di\u00e9 \u00e0 l\u2019organisation du mariage,  &nbsp;&nbsp;&nbsp;&nbsp;&nbsp;&nbsp;&nbsp;&nbsp;&nbsp;&nbsp;&nbsp;&nbsp;&nbsp;&nbsp;&nbsp;&nbsp;&nbsp;&nbsp;&nbsp;&nbsp;&nbsp;&nbsp;&nbsp;&nbsp;&nbsp;&nbsp;&nbsp;&nbsp;&nbsp;&nbsp;&nbsp;&nbsp;&nbsp;&nbsp;&nbsp;&nbsp;&nbsp;&nbsp;&nbsp;&nbsp;&nbsp;&nbsp;&nbsp;&nbsp;&nbsp;&nbsp;&nbsp;&nbsp;&nbsp;&nbsp;&nbsp;&nbsp;&nbsp;&nbsp;&nbsp;&nbsp;&nbsp;&nbsp;&nbsp;&nbsp;&nbsp;&nbsp;&nbsp;&nbsp;&nbsp;&nbsp;&nbsp;&nbsp;&nbsp;&nbsp;&nbsp;&nbsp;&nbsp;&nbsp;&nbsp;&nbsp;&nbsp;&nbsp;&nbsp;&nbsp;&nbsp;&nbsp;&nbsp;&nbsp;&nbsp;&nbsp;&nbsp;&nbsp;&nbsp;&nbsp;&nbsp;&nbsp;&nbsp;&nbsp;&nbsp;&nbsp;&nbsp;&nbsp;&nbsp;&nbsp;&nbsp;&nbsp;&nbsp;&nbsp;&nbsp;&nbsp;&nbsp;&nbsp;&nbsp; <\/p>\n\n\n\n<figure class=\"wp-block-image\"><img loading=\"lazy\" decoding=\"async\" width=\"364\" height=\"147\" src=\"https:\/\/blog.dorier.fr\/wp-content\/uploads\/2022\/08\/WhatsApp-Image-2022-08-07-at-23.07.13.jpeg\" alt=\"\" class=\"wp-image-6618\" srcset=\"https:\/\/blog.dorier.fr\/wp-content\/uploads\/2022\/08\/WhatsApp-Image-2022-08-07-at-23.07.13.jpeg 364w, https:\/\/blog.dorier.fr\/wp-content\/uploads\/2022\/08\/WhatsApp-Image-2022-08-07-at-23.07.13-300x121.jpeg 300w\" sizes=\"auto, (max-width: 364px) 100vw, 364px\" \/><\/figure>\n\n\n\n<p>Th\u00e8me Rose Fuchsia et Blanc sur des notes d&rsquo;Alice au Pays des Merveilles<\/p>\n\n\n\n<ul class=\"wp-block-list\"><li>Remerciements<\/li><li>Les d\u00e9tails \/ programmes du week end, <\/li><li>Les adresses o\u00f9 se rendre <\/li><li>Le menu  <\/li><li>Les choses\u00a0 \u00e0 pr\u00e9voir pour votre venue<\/li><li>R\u00e9partition des voitures<\/li><li>Faire Part<\/li><\/ul>\n\n\n\n<h2 class=\"wp-block-heading\">1- Remerciements<\/h2>\n\n\n\n<figure class=\"wp-block-image\"><img loading=\"lazy\" decoding=\"async\" width=\"449\" height=\"449\" src=\"https:\/\/blog.dorier.fr\/wp-content\/uploads\/2022\/09\/merciv2-1.png\" alt=\"\" class=\"wp-image-6652\" srcset=\"https:\/\/blog.dorier.fr\/wp-content\/uploads\/2022\/09\/merciv2-1.png 449w, https:\/\/blog.dorier.fr\/wp-content\/uploads\/2022\/09\/merciv2-1-150x150.png 150w, https:\/\/blog.dorier.fr\/wp-content\/uploads\/2022\/09\/merciv2-1-300x300.png 300w\" sizes=\"auto, (max-width: 449px) 100vw, 449px\" \/><\/figure>\n\n\n\n<figure class=\"wp-block-image\"><img loading=\"lazy\" decoding=\"async\" width=\"953\" height=\"664\" src=\"https:\/\/blog.dorier.fr\/wp-content\/uploads\/2022\/09\/merciv1-1.png\" alt=\"\" class=\"wp-image-6653\" srcset=\"https:\/\/blog.dorier.fr\/wp-content\/uploads\/2022\/09\/merciv1-1.png 953w, https:\/\/blog.dorier.fr\/wp-content\/uploads\/2022\/09\/merciv1-1-300x209.png 300w, https:\/\/blog.dorier.fr\/wp-content\/uploads\/2022\/09\/merciv1-1-768x535.png 768w\" sizes=\"auto, (max-width: 953px) 100vw, 953px\" \/><\/figure>\n\n\n\n<p><\/p>\n\n\n\n<h2 class=\"wp-block-heading\">2- Programme<\/h2>\n\n\n\n<h2 class=\"wp-block-heading\">RDV \u00e0 partir du 2  Septembre 2022 au soir au<\/h2>\n\n\n\n<p><em><strong>57 Avenue des Baux 13990 Fontvieille chez Josette et G\u00e9rard GUYOT<\/strong><\/em><\/p>\n\n\n\n<p> Retrouvailles des deux familles autour d\u2019un repas le vendredi soir : salades \/ grillades <\/p>\n\n\n\n<h2 class=\"wp-block-heading\"> Samedi 3 Septembre Rdv 10h30 Mairie de Fontvieille<\/h2>\n\n\n\n<figure class=\"wp-block-image\"><a href=\"https:\/\/blog.dorier.fr\/wp-content\/uploads\/2022\/07\/image-1.png\" target=\"_blank\" rel=\"noreferrer noopener\"><img loading=\"lazy\" decoding=\"async\" width=\"542\" height=\"426\" src=\"https:\/\/blog.dorier.fr\/wp-content\/uploads\/2022\/07\/image-1.png\" alt=\"\" class=\"wp-image-6591\" srcset=\"https:\/\/blog.dorier.fr\/wp-content\/uploads\/2022\/07\/image-1.png 542w, https:\/\/blog.dorier.fr\/wp-content\/uploads\/2022\/07\/image-1-300x236.png 300w\" sizes=\"auto, (max-width: 542px) 100vw, 542px\" \/><\/a><\/figure>\n\n\n\n<p> Fin de la c\u00e9r\u00e9monie vers 11h \u2013  Debut des photos<\/p>\n\n\n\n<p>Dans les collines du Moulin deDaudet et le ch\u00e2teau de Montauban (tout est faisable \u00e0 pied \u00e0 partir de la mairie, sinon possibilit\u00e9 d&rsquo;y aller en voiture)<\/p>\n\n\n\n<p><\/p>\n\n\n\n<figure class=\"wp-block-image\"><a href=\"https:\/\/blog.dorier.fr\/wp-content\/uploads\/2022\/07\/image-6.png\" target=\"_blank\" rel=\"noreferrer noopener\"><img loading=\"lazy\" decoding=\"async\" width=\"893\" height=\"574\" src=\"https:\/\/blog.dorier.fr\/wp-content\/uploads\/2022\/07\/image-6.png\" alt=\"\" class=\"wp-image-6596\" srcset=\"https:\/\/blog.dorier.fr\/wp-content\/uploads\/2022\/07\/image-6.png 893w, https:\/\/blog.dorier.fr\/wp-content\/uploads\/2022\/07\/image-6-300x193.png 300w, https:\/\/blog.dorier.fr\/wp-content\/uploads\/2022\/07\/image-6-768x494.png 768w\" sizes=\"auto, (max-width: 893px) 100vw, 893px\" \/><\/a><\/figure>\n\n\n\n<p><em><strong>Vers 12\/12h30 direction le restaurant <\/strong><\/em>La Table du Meunier <\/p>\n\n\n\n<figure class=\"wp-block-image\"><a href=\"https:\/\/blog.dorier.fr\/wp-content\/uploads\/2022\/07\/image-8.png\" target=\"_blank\" rel=\"noreferrer noopener\"><img loading=\"lazy\" decoding=\"async\" width=\"1024\" height=\"568\" src=\"https:\/\/blog.dorier.fr\/wp-content\/uploads\/2022\/07\/image-8-1024x568.png\" alt=\"\" class=\"wp-image-6598\" srcset=\"https:\/\/blog.dorier.fr\/wp-content\/uploads\/2022\/07\/image-8-1024x568.png 1024w, https:\/\/blog.dorier.fr\/wp-content\/uploads\/2022\/07\/image-8-300x166.png 300w, https:\/\/blog.dorier.fr\/wp-content\/uploads\/2022\/07\/image-8-768x426.png 768w, https:\/\/blog.dorier.fr\/wp-content\/uploads\/2022\/07\/image-8.png 1742w\" sizes=\"auto, (max-width: 1024px) 100vw, 1024px\" \/><\/a><\/figure>\n\n\n\n<p>Apres le repas, retour \u00e0 la maison pour passer la fin de journ\u00e9e piscine \/ petanque \/ ping pong&#8230;<\/p>\n\n\n\n<p>\u00e0 partir de 19h30\/20h Repas du samedi soir m\u00eame th\u00e8me que la veille salades \/ grillades <\/p>\n\n\n\n<h2 class=\"wp-block-heading\">Dimanche 4 Septembre<\/h2>\n\n\n\n<p>dernier repas autour d&rsquo;un brunch<\/p>\n\n\n\n<h2 class=\"wp-block-heading\">3-Adresses<\/h2>\n\n\n\n<p><strong><em>Josette et G\u00e9rard GUYOT 57 Avenue des Baux 13990 FONTVIEILLE<\/em><\/strong><\/p>\n\n\n\n<figure class=\"wp-block-image\"><a href=\"https:\/\/blog.dorier.fr\/wp-content\/uploads\/2022\/07\/image-10.png\" target=\"_blank\" rel=\"noreferrer noopener\"><img loading=\"lazy\" decoding=\"async\" width=\"1024\" height=\"485\" src=\"https:\/\/blog.dorier.fr\/wp-content\/uploads\/2022\/07\/image-10-1024x485.png\" alt=\"\" class=\"wp-image-6601\" srcset=\"https:\/\/blog.dorier.fr\/wp-content\/uploads\/2022\/07\/image-10-1024x485.png 1024w, https:\/\/blog.dorier.fr\/wp-content\/uploads\/2022\/07\/image-10-300x142.png 300w, https:\/\/blog.dorier.fr\/wp-content\/uploads\/2022\/07\/image-10-768x364.png 768w, https:\/\/blog.dorier.fr\/wp-content\/uploads\/2022\/07\/image-10.png 1282w\" sizes=\"auto, (max-width: 1024px) 100vw, 1024px\" \/><\/a><\/figure>\n\n\n\n<p><strong><em>Mairie de Fontvieille 8 rue Marcel Honorat<\/em><\/strong>,&nbsp; <\/p>\n\n\n\n<figure class=\"wp-block-image\"><a href=\"https:\/\/blog.dorier.fr\/wp-content\/uploads\/2022\/07\/image.png\" target=\"_blank\" rel=\"noreferrer noopener\"><img loading=\"lazy\" decoding=\"async\" width=\"945\" height=\"750\" src=\"https:\/\/blog.dorier.fr\/wp-content\/uploads\/2022\/07\/image.png\" alt=\"\" class=\"wp-image-6589\" srcset=\"https:\/\/blog.dorier.fr\/wp-content\/uploads\/2022\/07\/image.png 945w, https:\/\/blog.dorier.fr\/wp-content\/uploads\/2022\/07\/image-300x238.png 300w, https:\/\/blog.dorier.fr\/wp-content\/uploads\/2022\/07\/image-768x610.png 768w\" sizes=\"auto, (max-width: 945px) 100vw, 945px\" \/><\/a><\/figure>\n\n\n\n<p>  Parking derri\u00e8re la mairie dans la nature&#8230; <\/p>\n\n\n\n<h3 class=\"wp-block-heading\" id=\"mce_8\"> Le Moulin de Daudet :  Av. des Moulins, 13990 Fontvieille  <\/h3>\n\n\n\n<figure class=\"wp-block-image is-resized\"><a href=\"https:\/\/blog.dorier.fr\/wp-content\/uploads\/2022\/07\/image-4.png\" target=\"_blank\" rel=\"noreferrer noopener\"><img loading=\"lazy\" decoding=\"async\" src=\"https:\/\/blog.dorier.fr\/wp-content\/uploads\/2022\/07\/image-4.png\" alt=\"\" class=\"wp-image-6594\" width=\"327\" height=\"467\" srcset=\"https:\/\/blog.dorier.fr\/wp-content\/uploads\/2022\/07\/image-4.png 653w, https:\/\/blog.dorier.fr\/wp-content\/uploads\/2022\/07\/image-4-210x300.png 210w\" sizes=\"auto, (max-width: 327px) 100vw, 327px\" \/><\/a><\/figure>\n\n\n\n<h3 class=\"wp-block-heading\"> <br>Le chateau de Montauban :  Chemin Montauban 13990 Fontvieille<\/h3>\n\n\n\n<figure class=\"wp-block-image\"><a href=\"https:\/\/blog.dorier.fr\/wp-content\/uploads\/2022\/07\/image-5.png\" target=\"_blank\" rel=\"noreferrer noopener\"><img loading=\"lazy\" decoding=\"async\" width=\"1024\" height=\"467\" src=\"https:\/\/blog.dorier.fr\/wp-content\/uploads\/2022\/07\/image-5-1024x467.png\" alt=\"\" class=\"wp-image-6595\" srcset=\"https:\/\/blog.dorier.fr\/wp-content\/uploads\/2022\/07\/image-5-1024x467.png 1024w, https:\/\/blog.dorier.fr\/wp-content\/uploads\/2022\/07\/image-5-300x137.png 300w, https:\/\/blog.dorier.fr\/wp-content\/uploads\/2022\/07\/image-5-768x350.png 768w, https:\/\/blog.dorier.fr\/wp-content\/uploads\/2022\/07\/image-5.png 1104w\" sizes=\"auto, (max-width: 1024px) 100vw, 1024px\" \/><\/a><\/figure>\n\n\n\n<h3 class=\"wp-block-heading\"> <br> La Table du Meunier, 42 Cr Hyacinthe Bellon, 13990 Fontvieille  <\/h3>\n\n\n\n<figure class=\"wp-block-image\"><a href=\"https:\/\/blog.dorier.fr\/wp-content\/uploads\/2022\/07\/image-7.png\" target=\"_blank\" rel=\"noreferrer noopener\"><img loading=\"lazy\" decoding=\"async\" width=\"978\" height=\"423\" src=\"https:\/\/blog.dorier.fr\/wp-content\/uploads\/2022\/07\/image-7.png\" alt=\"\" class=\"wp-image-6597\" srcset=\"https:\/\/blog.dorier.fr\/wp-content\/uploads\/2022\/07\/image-7.png 978w, https:\/\/blog.dorier.fr\/wp-content\/uploads\/2022\/07\/image-7-300x130.png 300w, https:\/\/blog.dorier.fr\/wp-content\/uploads\/2022\/07\/image-7-768x332.png 768w\" sizes=\"auto, (max-width: 978px) 100vw, 978px\" \/><\/a><\/figure>\n\n\n\n<h2 class=\"wp-block-heading\">4- Menu <\/h2>\n\n\n\n<figure class=\"wp-block-image\"><a href=\"https:\/\/blog.dorier.fr\/wp-content\/uploads\/2022\/08\/image-2.png\" target=\"_blank\" rel=\"noreferrer noopener\"><img loading=\"lazy\" decoding=\"async\" width=\"557\" height=\"745\" src=\"https:\/\/blog.dorier.fr\/wp-content\/uploads\/2022\/08\/image-2.png\" alt=\"\" class=\"wp-image-6621\" srcset=\"https:\/\/blog.dorier.fr\/wp-content\/uploads\/2022\/08\/image-2.png 557w, https:\/\/blog.dorier.fr\/wp-content\/uploads\/2022\/08\/image-2-224x300.png 224w\" sizes=\"auto, (max-width: 557px) 100vw, 557px\" \/><\/a><\/figure>\n\n\n\n<p>Rappel du Menu de chacun<\/p>\n\n\n\n<figure class=\"wp-block-image\"><a href=\"https:\/\/blog.dorier.fr\/wp-content\/uploads\/2022\/08\/image.png\" target=\"_blank\" rel=\"noreferrer noopener\"><img loading=\"lazy\" decoding=\"async\" width=\"944\" height=\"474\" src=\"https:\/\/blog.dorier.fr\/wp-content\/uploads\/2022\/08\/image.png\" alt=\"\" class=\"wp-image-6610\" srcset=\"https:\/\/blog.dorier.fr\/wp-content\/uploads\/2022\/08\/image.png 944w, https:\/\/blog.dorier.fr\/wp-content\/uploads\/2022\/08\/image-300x151.png 300w, https:\/\/blog.dorier.fr\/wp-content\/uploads\/2022\/08\/image-768x386.png 768w\" sizes=\"auto, (max-width: 944px) 100vw, 944px\" \/><\/a><\/figure>\n\n\n\n<h2 class=\"wp-block-heading\">5- A Prevoir :<\/h2>\n\n\n\n<ul class=\"wp-block-list\"><li>un v\u00eatement pour la jour J avec une petite note de rose Fuchsia<\/li><li>des serviettes pour la douche <\/li><li>des serviettes pour la piscine <\/li><li>donc les maillots&nbsp;de bain<\/li><li>switch pour les enfants si mauvais temps..<\/li><li><strong>Une photo de chacun de vous individuelle de 10*13 en format portrait<\/strong><\/li><\/ul>\n\n\n\n<p>Et surtout ne vous tracassez pas  \u00e0 amener quoi que se soit \u00e0 manger tout est pr\u00e9vu<\/p>\n\n\n\n<p><\/p>\n\n\n\n<p><\/p>\n\n\n\n<h2 class=\"wp-block-heading\">6- R\u00e9partition des Voitures<\/h2>\n\n\n\n<p>Voiture une de la mari\u00e9e : peugeot 2008 conducteur G\u00e9rard, passager Magali la T\u00e9moin, \u00e0 l&rsquo;arri\u00e8re Amandine et Lucie<\/p>\n\n\n\n<p>Voiture deux du mari\u00e9 : peugeot 208 (de Genevi\u00e8ve) conductrice Genevi\u00e8ve, passager Elodie la T\u00e9moin, \u00e0 l&rsquo;arri\u00e8re Benjamin et Jessy<\/p>\n\n\n\n<p>Voiture trois de Noelle : kia  conductrice Noelle, passager Josette, \u00e0 l&rsquo;arri\u00e8re Greg Pe et Herv\u00e8<\/p>\n\n\n\n<p>Voiture quatre de la famille Pourret : conducteur  Greg Po, passager Chantal, \u00e0 l&rsquo;arri\u00e8re Ethan et Sam <\/p>\n\n\n\n<h2 class=\"wp-block-heading\">6- Faire Part<\/h2>\n\n\n\n<figure class=\"wp-block-image\"><a href=\"https:\/\/blog.dorier.fr\/wp-content\/uploads\/2022\/07\/faire-part-fontivielle-version.png\" target=\"_blank\" rel=\"noreferrer noopener\"><img loading=\"lazy\" decoding=\"async\" width=\"900\" height=\"631\" src=\"https:\/\/blog.dorier.fr\/wp-content\/uploads\/2022\/07\/faire-part-fontivielle-version.png\" alt=\"\" class=\"wp-image-6604\" srcset=\"https:\/\/blog.dorier.fr\/wp-content\/uploads\/2022\/07\/faire-part-fontivielle-version.png 900w, https:\/\/blog.dorier.fr\/wp-content\/uploads\/2022\/07\/faire-part-fontivielle-version-300x210.png 300w, https:\/\/blog.dorier.fr\/wp-content\/uploads\/2022\/07\/faire-part-fontivielle-version-768x538.png 768w\" sizes=\"auto, (max-width: 900px) 100vw, 900px\" \/><\/a><\/figure>\n\n\n\n<p><\/p>\n\n\n\n<figure class=\"wp-block-image\"><a href=\"https:\/\/blog.dorier.fr\/wp-content\/uploads\/2022\/07\/VERSOVXX.png\" target=\"_blank\" rel=\"noreferrer noopener\"><img loading=\"lazy\" decoding=\"async\" width=\"1024\" height=\"585\" src=\"https:\/\/blog.dorier.fr\/wp-content\/uploads\/2022\/07\/VERSOVXX-1024x585.png\" alt=\"\" class=\"wp-image-6605\" srcset=\"https:\/\/blog.dorier.fr\/wp-content\/uploads\/2022\/07\/VERSOVXX-1024x585.png 1024w, https:\/\/blog.dorier.fr\/wp-content\/uploads\/2022\/07\/VERSOVXX-300x171.png 300w, https:\/\/blog.dorier.fr\/wp-content\/uploads\/2022\/07\/VERSOVXX-768x439.png 768w, https:\/\/blog.dorier.fr\/wp-content\/uploads\/2022\/07\/VERSOVXX.png 1953w\" sizes=\"auto, (max-width: 1024px) 100vw, 1024px\" \/><\/a><\/figure>\n","protected":false},"excerpt":{"rendered":"<p>Voici le lien pour acc\u00e9der \u00e0 toutes nos photos du mariage https:\/\/dorier.fr\/mariage_dorier-guyot\/ Bienvenue sur le site d\u00e9di\u00e9 \u00e0 l\u2019organisation du mariage, &nbsp;&nbsp;&nbsp;&nbsp;&nbsp;&nbsp;&nbsp;&nbsp;&nbsp;&nbsp;&nbsp;&nbsp;&nbsp;&nbsp;&nbsp;&nbsp;&nbsp;&nbsp;&nbsp;&nbsp;&nbsp;&nbsp;&nbsp;&nbsp;&nbsp;&nbsp;&nbsp;&nbsp;&nbsp;&nbsp;&nbsp;&nbsp;&nbsp;&nbsp;&nbsp;&nbsp;&nbsp;&nbsp;&nbsp;&nbsp;&nbsp;&nbsp;&nbsp;&nbsp;&nbsp;&nbsp;&nbsp;&nbsp;&nbsp;&nbsp;&nbsp;&nbsp;&nbsp;&nbsp;&nbsp;&nbsp;&nbsp;&nbsp;&nbsp;&nbsp;&nbsp;&nbsp;&nbsp;&nbsp;&nbsp;&nbsp;&nbsp;&nbsp;&nbsp;&nbsp;&nbsp;&nbsp;&nbsp;&nbsp;&nbsp;&nbsp;&nbsp;&nbsp;&nbsp;&nbsp;&nbsp;&nbsp;&nbsp;&nbsp;&nbsp;&nbsp;&nbsp;&nbsp;&nbsp;&nbsp;&nbsp;&nbsp;&nbsp;&nbsp;&nbsp;&nbsp;&nbsp;&nbsp;&nbsp;&nbsp;&nbsp;&nbsp;&nbsp;&nbsp;&nbsp;&nbsp;&nbsp;&nbsp;&nbsp; Th\u00e8me Rose Fuchsia et Blanc sur des notes d&rsquo;Alice au Pays des Merveilles Remerciements Les d\u00e9tails \/ programmes &hellip; <a href=\"https:\/\/blog.dorier.fr\/?page_id=6586\">Continuer la lecture <span class=\"meta-nav\">&rarr;<\/span><\/a><\/p>\n","protected":false},"author":1,"featured_media":0,"parent":0,"menu_order":0,"comment_status":"closed","ping_status":"closed","template":"","meta":{"footnotes":""},"class_list":["post-6586","page","type-page","status-publish","hentry"],"_links":{"self":[{"href":"https:\/\/blog.dorier.fr\/index.php?rest_route=\/wp\/v2\/pages\/6586","targetHints":{"allow":["GET"]}}],"collection":[{"href":"https:\/\/blog.dorier.fr\/index.php?rest_route=\/wp\/v2\/pages"}],"about":[{"href":"https:\/\/blog.dorier.fr\/index.php?rest_route=\/wp\/v2\/types\/page"}],"author":[{"embeddable":true,"href":"https:\/\/blog.dorier.fr\/index.php?rest_route=\/wp\/v2\/users\/1"}],"replies":[{"embeddable":true,"href":"https:\/\/blog.dorier.fr\/index.php?rest_route=%2Fwp%2Fv2%2Fcomments&post=6586"}],"version-history":[{"count":13,"href":"https:\/\/blog.dorier.fr\/index.php?rest_route=\/wp\/v2\/pages\/6586\/revisions"}],"predecessor-version":[{"id":6654,"href":"https:\/\/blog.dorier.fr\/index.php?rest_route=\/wp\/v2\/pages\/6586\/revisions\/6654"}],"wp:attachment":[{"href":"https:\/\/blog.dorier.fr\/index.php?rest_route=%2Fwp%2Fv2%2Fmedia&parent=6586"}],"curies":[{"name":"wp","href":"https:\/\/api.w.org\/{rel}","templated":true}]}}